{"id":861,"date":"2022-07-21T13:07:45","date_gmt":"2022-07-21T13:07:45","guid":{"rendered":"https:\/\/fc-tempo.com\/?page_id=861"},"modified":"2024-05-30T09:51:38","modified_gmt":"2024-05-30T09:51:38","slug":"%d1%87%d0%bb%d0%b0%d0%bd%d1%81%d1%82%d0%b2%d0%be","status":"publish","type":"page","link":"https:\/\/fc-tempo.com\/de\/%d1%87%d0%bb%d0%b0%d0%bd%d1%81%d1%82%d0%b2%d0%be\/","title":{"rendered":"Mitgliedschaft"},"content":{"rendered":"<div class=\"wp-block-columns is-layout-flex wp-container-core-columns-is-layout-9d6595d7 wp-block-columns-is-layout-flex\">\n<div class=\"wp-block-column is-layout-flow wp-block-column-is-layout-flow\">\n<p class=\"has-white-color has-text-color\"><\/p>\n\n\n\n<p class=\"has-white-color has-text-color has-medium-font-size\">Sei einer von uns. Werde Mitglied und unterst\u00fctze einen Fu\u00dfballverein mit gro\u00dfer Tradition.<\/p>\n\n\n\n<p class=\"has-white-color has-text-color has-medium-font-size\">Aktiv oder passiv.<\/p>\n\n\n\n<p class=\"has-white-color has-text-color has-medium-font-size\">Schon ab 5,- \u20ac im Monat.<\/p>\n\n\n\n<p class=\"has-white-color has-text-color has-medium-font-size\">Nutze viele Vorteile der Mitgliedschaft, wie Nachl\u00e4\u00dfe auf die Fanartikel, verschiedene Nachl\u00e4\u00dfe bei unseren Veranstaltungen und vieles mehr.<\/p>\n<\/div>\n\n\n\n<div class=\"wp-block-column is-layout-flow wp-block-column-is-layout-flow\">\n<figure class=\"wp-block-image size-large\"><img loading=\"lazy\" decoding=\"async\" width=\"1021\" height=\"1024\" src=\"https:\/\/fc-tempo.com\/wp-content\/uploads\/2022\/07\/\u0427\u043b\u0430\u043d\u0430\u0440\u0438\u043d\u0430-1021x1024.jpg\" alt=\"\" class=\"wp-image-863\" srcset=\"https:\/\/fc-tempo.com\/wp-content\/uploads\/2022\/07\/\u0427\u043b\u0430\u043d\u0430\u0440\u0438\u043d\u0430-1021x1024.jpg 1021w, https:\/\/fc-tempo.com\/wp-content\/uploads\/2022\/07\/\u0427\u043b\u0430\u043d\u0430\u0440\u0438\u043d\u0430-300x300.jpg 300w, https:\/\/fc-tempo.com\/wp-content\/uploads\/2022\/07\/\u0427\u043b\u0430\u043d\u0430\u0440\u0438\u043d\u0430-150x150.jpg 150w, https:\/\/fc-tempo.com\/wp-content\/uploads\/2022\/07\/\u0427\u043b\u0430\u043d\u0430\u0440\u0438\u043d\u0430-768x770.jpg 768w, https:\/\/fc-tempo.com\/wp-content\/uploads\/2022\/07\/\u0427\u043b\u0430\u043d\u0430\u0440\u0438\u043d\u0430-12x12.jpg 12w, https:\/\/fc-tempo.com\/wp-content\/uploads\/2022\/07\/\u0427\u043b\u0430\u043d\u0430\u0440\u0438\u043d\u0430.jpg 1083w\" sizes=\"auto, (max-width: 1021px) 100vw, 1021px\" \/><\/figure>\n<\/div>\n<\/div>\n\n\n\n<p class=\"has-white-color has-text-color has-medium-font-size\"><strong>Aufnahmeantrag<\/strong><\/p>\n\n\n\n<div class=\"wp-block-file\"><a id=\"wp-block-file--media-87fae4eb-b46e-42b9-9b18-fb4149477774\" href=\"https:\/\/fc-tempo.com\/wp-content\/uploads\/2024\/05\/Beitrittserklaerung.docx\">Beitrittserkl\u00e4rung<\/a><a href=\"https:\/\/fc-tempo.com\/wp-content\/uploads\/2024\/05\/Beitrittserklaerung.docx\" class=\"wp-block-file__button wp-element-button\" download aria-describedby=\"wp-block-file--media-87fae4eb-b46e-42b9-9b18-fb4149477774\">Herunterladen<\/a><\/div>","protected":false},"excerpt":{"rendered":"<p>\u0411\u0443\u0434\u0438 \u0434\u0435\u043e \u0424\u041a \u0422\u0435\u043c\u043f\u0430. \u0423\u0447\u043b\u0430\u043d\u0438 \u0441\u0435 \u0438 \u043f\u043e\u0434\u0440\u0436\u0438 \u0444\u0443\u0434\u0431\u0430\u043b\u0441\u043a\u0438 \u043a\u043b\u0443\u0431 \u0441\u0430 \u0431\u043e\u0433\u0430\u0442\u043e\u043c \u0438\u0441\u0442\u043e\u0440\u0438\u0458\u043e\u043c \u0438 \u0432\u0435\u043b\u0438\u043a\u043e\u043c \u0442\u0440\u0430\u0434\u0438\u0446\u0438\u0458\u043e\u043c. \u0410\u043a\u0442\u0438\u0432\u0430\u043d \u0438\u043b\u0438 \u043f\u0430\u0441\u0438\u0432\u0430\u043d \u0447\u043b\u0430\u043d. \u0412\u0435\u045b \u043e\u0434 5,- \u20ac \u043c\u0435\u0441\u0435\u0447\u043d\u043e! &hellip; <\/p>","protected":false},"author":1,"featured_media":0,"parent":0,"menu_order":0,"comment_status":"closed","ping_status":"closed","template":"","meta":{"footnotes":""},"class_list":["post-861","page","type-page","status-publish","hentry"],"_links":{"self":[{"href":"https:\/\/fc-tempo.com\/de\/wp-json\/wp\/v2\/pages\/861","targetHints":{"allow":["GET"]}}],"collection":[{"href":"https:\/\/fc-tempo.com\/de\/wp-json\/wp\/v2\/pages"}],"about":[{"href":"https:\/\/fc-tempo.com\/de\/wp-json\/wp\/v2\/types\/page"}],"author":[{"embeddable":true,"href":"https:\/\/fc-tempo.com\/de\/wp-json\/wp\/v2\/users\/1"}],"replies":[{"embeddable":true,"href":"https:\/\/fc-tempo.com\/de\/wp-json\/wp\/v2\/comments?post=861"}],"version-history":[{"count":8,"href":"https:\/\/fc-tempo.com\/de\/wp-json\/wp\/v2\/pages\/861\/revisions"}],"predecessor-version":[{"id":1482,"href":"https:\/\/fc-tempo.com\/de\/wp-json\/wp\/v2\/pages\/861\/revisions\/1482"}],"wp:attachment":[{"href":"https:\/\/fc-tempo.com\/de\/wp-json\/wp\/v2\/media?parent=861"}],"curies":[{"name":"wp","href":"https:\/\/api.w.org\/{rel}","templated":true}]}}