{"id":29,"date":"2021-03-16T12:00:05","date_gmt":"2021-03-16T12:00:05","guid":{"rendered":"https:\/\/fc-tempo.com\/?page_id=29"},"modified":"2023-09-21T06:10:07","modified_gmt":"2023-09-21T06:10:07","slug":"%d0%b8%d1%81%d1%82%d0%be%d1%80%d0%b8%d1%98%d0%b0","status":"publish","type":"page","link":"https:\/\/fc-tempo.com\/de\/%d0%b8%d1%81%d1%82%d0%be%d1%80%d0%b8%d1%98%d0%b0\/","title":{"rendered":"Geschichte"},"content":{"rendered":"<h5 class=\"wp-block-heading has-text-align-left has-medium-font-size\">Bereits 1972 beschloss eine Gruppe jugoslawischer Gastarbeiter, einen Verein zu gr\u00fcnden, in welchem sich unsere Landsleute treffen und austauschen w\u00fcrden. <br><br><\/h5>\n\n\n\n<p class=\"has-text-align-left has-medium-font-size\">1973 wurde der Verein in Frankfurt offiziell als Kultur- und Sportverein gegr\u00fcndet und registriert. Der Verein wurde nach dem ber\u00fchmten Sportmagazin \"Tempo\" benannt, das von fast dem gesamten ehemaligen Jugoslawien gelesen wurde. Ein Name, der bis heute Bestand hat.<span style=\"text-decoration: underline;\"><br><\/span><\/p>\n\n\n\n<div style=\"text-indent: 15px; margin-bottom: 0;\">Die Gr\u00fcnder des Vereins sind: \n\nCaslav Aleksic, Branko Hamin, Ljubomir Cucak, Vojislav Gluhovic, Pavle Rakic, Mladen Ivankovic<\/div>\n\n\n\n<h5 class=\"wp-block-heading\"><img loading=\"lazy\" decoding=\"async\" width=\"1079\" height=\"763\" class=\"wp-image-114\" style=\"width: 500px; margin-top: -25px;\" src=\"https:\/\/fc-tempo.com\/wp-content\/uploads\/2021\/03\/Osnivaci.jpeg\" alt=\"\" srcset=\"https:\/\/fc-tempo.com\/wp-content\/uploads\/2021\/03\/Osnivaci.jpeg 1079w, https:\/\/fc-tempo.com\/wp-content\/uploads\/2021\/03\/Osnivaci-300x212.jpeg 300w, https:\/\/fc-tempo.com\/wp-content\/uploads\/2021\/03\/Osnivaci-1024x724.jpeg 1024w, https:\/\/fc-tempo.com\/wp-content\/uploads\/2021\/03\/Osnivaci-768x543.jpeg 768w, https:\/\/fc-tempo.com\/wp-content\/uploads\/2021\/03\/Osnivaci-120x85.jpeg 120w\" sizes=\"auto, (max-width: 1079px) 100vw, 1079px\" \/><\/h5>\n\n\n\n<div style=\"text-indent: 15px;\">In den siebziger und achtziger Jahren arbeitet der Verein erfolgreich und hat verschiedene Sektionen wie Folklore, Schach, Poesie und nat\u00fcrlich Fu\u00dfball. Diese Form blieb bis\nAnfang der neunziger Jahre bestehen.<\/div>\n\n\n\n<figure class=\"wp-block-gallery has-nested-images columns-default is-cropped wp-block-gallery-1 is-layout-flex wp-block-gallery-is-layout-flex\">\n<figure class=\"wp-block-image size-large\"><img loading=\"lazy\" decoding=\"async\" width=\"1481\" height=\"1037\" data-id=\"627\" src=\"https:\/\/fc-tempo.com\/wp-content\/uploads\/2022\/05\/IMG-20210121-WA0002.jpg\" alt=\"\" class=\"wp-image-627\" srcset=\"https:\/\/fc-tempo.com\/wp-content\/uploads\/2022\/05\/IMG-20210121-WA0002.jpg 1481w, https:\/\/fc-tempo.com\/wp-content\/uploads\/2022\/05\/IMG-20210121-WA0002-300x210.jpg 300w, https:\/\/fc-tempo.com\/wp-content\/uploads\/2022\/05\/IMG-20210121-WA0002-1024x717.jpg 1024w, https:\/\/fc-tempo.com\/wp-content\/uploads\/2022\/05\/IMG-20210121-WA0002-768x538.jpg 768w, https:\/\/fc-tempo.com\/wp-content\/uploads\/2022\/05\/IMG-20210121-WA0002-18x12.jpg 18w, https:\/\/fc-tempo.com\/wp-content\/uploads\/2022\/05\/IMG-20210121-WA0002-120x85.jpg 120w\" sizes=\"auto, (max-width: 1481px) 100vw, 1481px\" \/><\/figure>\n\n\n\n<figure class=\"wp-block-image size-large\"><img loading=\"lazy\" decoding=\"async\" width=\"1600\" height=\"1095\" data-id=\"630\" src=\"https:\/\/fc-tempo.com\/wp-content\/uploads\/2022\/05\/IMG-20210121-WA0005.jpg\" alt=\"\" class=\"wp-image-630\" srcset=\"https:\/\/fc-tempo.com\/wp-content\/uploads\/2022\/05\/IMG-20210121-WA0005.jpg 1600w, https:\/\/fc-tempo.com\/wp-content\/uploads\/2022\/05\/IMG-20210121-WA0005-300x205.jpg 300w, https:\/\/fc-tempo.com\/wp-content\/uploads\/2022\/05\/IMG-20210121-WA0005-1024x701.jpg 1024w, https:\/\/fc-tempo.com\/wp-content\/uploads\/2022\/05\/IMG-20210121-WA0005-768x526.jpg 768w, https:\/\/fc-tempo.com\/wp-content\/uploads\/2022\/05\/IMG-20210121-WA0005-1536x1051.jpg 1536w, https:\/\/fc-tempo.com\/wp-content\/uploads\/2022\/05\/IMG-20210121-WA0005-18x12.jpg 18w\" sizes=\"auto, (max-width: 1600px) 100vw, 1600px\" \/><\/figure>\n\n\n\n<figure class=\"wp-block-image size-large\"><img loading=\"lazy\" decoding=\"async\" width=\"1467\" height=\"825\" data-id=\"626\" src=\"https:\/\/fc-tempo.com\/wp-content\/uploads\/2022\/05\/IMG-20210121-WA0001.jpg\" alt=\"\" class=\"wp-image-626\" srcset=\"https:\/\/fc-tempo.com\/wp-content\/uploads\/2022\/05\/IMG-20210121-WA0001.jpg 1467w, https:\/\/fc-tempo.com\/wp-content\/uploads\/2022\/05\/IMG-20210121-WA0001-300x169.jpg 300w, https:\/\/fc-tempo.com\/wp-content\/uploads\/2022\/05\/IMG-20210121-WA0001-1024x576.jpg 1024w, https:\/\/fc-tempo.com\/wp-content\/uploads\/2022\/05\/IMG-20210121-WA0001-768x432.jpg 768w, https:\/\/fc-tempo.com\/wp-content\/uploads\/2022\/05\/IMG-20210121-WA0001-18x10.jpg 18w\" sizes=\"auto, (max-width: 1467px) 100vw, 1467px\" \/><\/figure>\n<\/figure>\n\n\n\n<h5 class=\"wp-block-heading\">&nbsp;<\/h5>\n\n\n\n<div style=\"text-indent: 15px;\">In den neunziger Jahren, mit dem Zerfall Jugoslawiens, wurden alle Sektionen mit Ausnahme der Fu\u00dfballsektion geschlossen.\n<p>&nbsp;<\/p>\n<div style=\"text-indent: 15px;\">Unser Fu\u00dfballverein erlebt einen echten Boom, wenn sich Spieler der zweiten Generation von Gastarbeitern, die in Frankfurt und Umgebung geboren wurden, dem Verein anschlie\u00dfen. Ende der neunziger schafft der FC Tempo den Aufstieg in die Bezirksliga (heute Kreisoberliga). FC Tempo ist seit Jahren an der Spitze der Bezirksliga, aber der Aufstieg in die Bezirksoberliga (heute Grupenliga) gelingt einfach nicht. Schlie\u00dflich gewann der FC Tempo 2008 die Meisterschaft der Bezirksliga und stieg in die  Bezirksoberliga auf. Der gr\u00f6\u00dfte Erfolg in der Geschichte des Vereins und gleichzeitig einer der gr\u00f6\u00dften Erfolge, welchen ein serbischer Fu\u00dfballverein jemals in Deutschland erzielen konnte. Dies ist nat\u00fcrlich der H\u00f6hepunkt unserer \"goldenen Generation\", wie sie sp\u00e4ter genannt wurde.<\/div>\nNach den gro\u00dfen Erfolgen unserer \u201eGoldenen Generation\u201c konnte unsere erste Mannschaft in der Saison 2022\/2023 ihren Erfolg wiederholen und wurde ohne eine einzige Niederlage Meister der Frankfurter Kreisoberliga.\n<div style=\"text-indent: 15px;\">Der FC Tempo  nimmt mit drei Mannschaften teil im Frankfurter Kreis.\n<p>&nbsp;<\/p>\n<div style=\"text-indent: 25px;\">1. Mannschaft spielt in der Gruppenliga Frankfurt\n<\/div>\n<\/div>\n<div style=\"text-indent: 25px;\">2. Mannschaft spielt in der Kreisliga A Frankfurt<\/div>\n<div style=\"text-indent: 25px;\">Alte Herren spielen in der AH Kreisliga Frankfurt<\/div>\nAb der Saison 2023\/2024 ist immt auch die Juniorenmannschaft der U19 am Spielbetrieb teil.\n<div style=\"text-indent: 15px;\">Heute ist der FC Tempo ein Frankfurter Traditionsverein mit hohem Wiedererkennungswert und ein guter Gastgeber offenen Herzens f\u00fcr alle Menschen, unabh\u00e4ngig der Hautfarbe und Konfession.\n<p>&nbsp;<\/p>\n<\/div>\n<div style=\"text-indent: 15px;\">Unsere Mission ist es, den Sportgeist und den Fu\u00dfball zu verbreiten, sowie die F\u00f6rderung unserer Fu\u00dfballspieler. \nDesweitern wollen wir mit der Gr\u00fcndung einer Fu\u00dfballjugend-Abteilung M\u00e4dchen und Jungen f\u00fcr den Fu\u00dfball begeistern.<\/div>\n<\/div>\n\n\n<div class=\"wp-block-image\">\n<figure class=\"aligncenter size-large\"><img loading=\"lazy\" decoding=\"async\" width=\"1024\" height=\"504\" src=\"https:\/\/fc-tempo.com\/wp-content\/uploads\/2022\/05\/IMG-20210215-WA0012-1024x504.jpg\" alt=\"\" class=\"wp-image-638\" srcset=\"https:\/\/fc-tempo.com\/wp-content\/uploads\/2022\/05\/IMG-20210215-WA0012-1024x504.jpg 1024w, https:\/\/fc-tempo.com\/wp-content\/uploads\/2022\/05\/IMG-20210215-WA0012-300x148.jpg 300w, https:\/\/fc-tempo.com\/wp-content\/uploads\/2022\/05\/IMG-20210215-WA0012-768x378.jpg 768w, https:\/\/fc-tempo.com\/wp-content\/uploads\/2022\/05\/IMG-20210215-WA0012-18x9.jpg 18w, https:\/\/fc-tempo.com\/wp-content\/uploads\/2022\/05\/IMG-20210215-WA0012.jpg 1079w\" sizes=\"auto, (max-width: 1024px) 100vw, 1024px\" \/><\/figure>\n<\/div>\n\n\n<p class=\"has-text-align-center\">Obere Reihe: M. Romic, M. Karajcic, D. Kuraja, Z. Jovanic, D. Zivkovic, V. Matijevic, D. Jaguzovic, A. Lucic, D. Dancic<br>Untere Reihe: R. Milicevic, J. Karabin, B. Petrov, S. Filipovic, B. Ratic, S. Kostresevic, Z. Marcetic, M. Djuric<\/p>\n\n\n\n<div style=\"z-index: 0; position: absolute\"><figure class=\"wp-block-image size-large\"><\/figure><\/div>\n\n\n\n<p><\/p>","protected":false},"excerpt":{"rendered":"<p>\u0414\u0430\u0432\u043d\u0435 1972. \u0433\u043e\u0434\u0438\u043d\u0435 \u0433\u0440\u0443\u043f\u0430 \u043d\u0430\u0448\u0438\u0445 \u0437\u0435\u043c\u0459\u0430\u043a\u0430 \u043e\u0434\u043b\u0443\u0447\u0438\u043b\u0430 \u0458\u0435 \u0434\u0430 \u043e\u0441\u043d\u0443\u0458\u0435 \u0434\u0440\u0443\u0448\u0442\u0432\u043e \u0443 \u043a\u043e\u0458\u0435\u043c \u045b\u0435 \u0441\u0435 \u043e\u043a\u0443\u043f\u0459\u0430\u0442\u0438 \u043d\u0430\u0448\u0438 \u0433\u0440\u0430\u0452\u0430\u043d\u0438, \u043a\u0430\u043a\u043e \u0431\u0438 \u0433\u0430\u0458\u0438\u043b\u0438 \u043d\u0430\u0448 \u0458\u0435\u0437\u0438\u043a \u0438 \u0442\u0440\u0430\u0434\u0438\u0446\u0438\u0458\u0443. &hellip; <\/p>","protected":false},"author":1,"featured_media":0,"parent":0,"menu_order":2,"comment_status":"closed","ping_status":"closed","template":"","meta":{"footnotes":""},"class_list":["post-29","page","type-page","status-publish","hentry"],"_links":{"self":[{"href":"https:\/\/fc-tempo.com\/de\/wp-json\/wp\/v2\/pages\/29","targetHints":{"allow":["GET"]}}],"collection":[{"href":"https:\/\/fc-tempo.com\/de\/wp-json\/wp\/v2\/pages"}],"about":[{"href":"https:\/\/fc-tempo.com\/de\/wp-json\/wp\/v2\/types\/page"}],"author":[{"embeddable":true,"href":"https:\/\/fc-tempo.com\/de\/wp-json\/wp\/v2\/users\/1"}],"replies":[{"embeddable":true,"href":"https:\/\/fc-tempo.com\/de\/wp-json\/wp\/v2\/comments?post=29"}],"version-history":[{"count":59,"href":"https:\/\/fc-tempo.com\/de\/wp-json\/wp\/v2\/pages\/29\/revisions"}],"predecessor-version":[{"id":1372,"href":"https:\/\/fc-tempo.com\/de\/wp-json\/wp\/v2\/pages\/29\/revisions\/1372"}],"wp:attachment":[{"href":"https:\/\/fc-tempo.com\/de\/wp-json\/wp\/v2\/media?parent=29"}],"curies":[{"name":"wp","href":"https:\/\/api.w.org\/{rel}","templated":true}]}}